{"id":472,"date":"2022-09-04T01:44:44","date_gmt":"2022-09-04T01:44:44","guid":{"rendered":"http:\/\/localhost\/?page_id=472"},"modified":"2022-11-15T01:19:03","modified_gmt":"2022-11-15T01:19:03","slug":"revista-eht","status":"publish","type":"page","link":"https:\/\/eschotel.edu.bo\/sitio\/revista-eht\/","title":{"rendered":"Revista EHT"},"content":{"rendered":"\t\t<div data-elementor-type=\"wp-page\" data-elementor-id=\"472\" class=\"elementor elementor-472\">\n\t\t\t\t\t\t\t\t\t<section class=\"elementor-section elementor-top-section elementor-element elementor-element-d6773c4 elementor-section-full_width elementor-section-height-default elementor-section-height-default\" data-id=\"d6773c4\" data-element_type=\"section\" data-settings=\"{&quot;background_background&quot;:&quot;classic&quot;}\">\n\t\t\t\t\t\t<div class=\"elementor-container elementor-column-gap-default\">\n\t\t\t\t\t<div class=\"elementor-column elementor-col-50 elementor-top-column elementor-element elementor-element-28907b9\" data-id=\"28907b9\" data-element_type=\"column\">\n\t\t\t<div class=\"elementor-widget-wrap elementor-element-populated\">\n\t\t\t\t\t\t\t\t<div class=\"elementor-element elementor-element-95082e1 elementor-widget elementor-widget-image\" data-id=\"95082e1\" data-element_type=\"widget\" data-widget_type=\"image.default\">\n\t\t\t\t<div class=\"elementor-widget-container\">\n\t\t\t<style>\/*! elementor - v3.7.2 - 21-08-2022 *\/\n.elementor-widget-image{text-align:center}.elementor-widget-image a{display:inline-block}.elementor-widget-image a img[src$=\".svg\"]{width:48px}.elementor-widget-image img{vertical-align:middle;display:inline-block}<\/style>\t\t\t\t\t\t\t\t\t\t\t\t<img decoding=\"async\" src=\"https:\/\/eschotel.edu.bo\/sitio\/wp-content\/uploads\/2022\/09\/ico_caracteristicas.png\" title=\"\" alt=\"\" \/>\t\t\t\t\t\t\t\t\t\t\t\t\t\t\t<\/div>\n\t\t\t\t<\/div>\n\t\t\t\t<div class=\"elementor-element elementor-element-18d1dc5 elementor-widget elementor-widget-text-editor\" data-id=\"18d1dc5\" data-element_type=\"widget\" data-widget_type=\"text-editor.default\">\n\t\t\t\t<div class=\"elementor-widget-container\">\n\t\t\t<style>\/*! elementor - v3.7.2 - 21-08-2022 *\/\n.elementor-widget-text-editor.elementor-drop-cap-view-stacked .elementor-drop-cap{background-color:#818a91;color:#fff}.elementor-widget-text-editor.elementor-drop-cap-view-framed .elementor-drop-cap{color:#818a91;border:3px solid;background-color:transparent}.elementor-widget-text-editor:not(.elementor-drop-cap-view-default) .elementor-drop-cap{margin-top:8px}.elementor-widget-text-editor:not(.elementor-drop-cap-view-default) .elementor-drop-cap-letter{width:1em;height:1em}.elementor-widget-text-editor .elementor-drop-cap{float:left;text-align:center;line-height:1;font-size:50px}.elementor-widget-text-editor .elementor-drop-cap-letter{display:inline-block}<\/style>\t\t\t\t<p><span style=\"color: #000000;\">La Revista Hoteles, Turismo y Restaurantes, presenta un material que abarca actividades de nuestras gestiones, que por su importancia en el campo de la formaci\u00f3n y la difusi\u00f3n de las tem\u00e1ticas propias de la Primera Escuela de Hoteler\u00eda y Turismo de Bolivia, son del necesario inter\u00e9s de nuestros lectores.<\/span><\/p>\t\t\t\t\t\t<\/div>\n\t\t\t\t<\/div>\n\t\t\t\t<div class=\"elementor-element elementor-element-8bb747a elementor-widget elementor-widget-image\" data-id=\"8bb747a\" data-element_type=\"widget\" data-widget_type=\"image.default\">\n\t\t\t\t<div class=\"elementor-widget-container\">\n\t\t\t\t\t\t\t\t\t\t\t\t\t\t\t<img decoding=\"async\" src=\"https:\/\/eschotel.edu.bo\/sitio\/wp-content\/uploads\/2022\/09\/ico_sm_practicas.png\" title=\"\" alt=\"\" \/>\t\t\t\t\t\t\t\t\t\t\t\t\t\t\t<\/div>\n\t\t\t\t<\/div>\n\t\t\t\t<div class=\"elementor-element elementor-element-5e9bdfe elementor-widget elementor-widget-text-editor\" data-id=\"5e9bdfe\" data-element_type=\"widget\" data-widget_type=\"text-editor.default\">\n\t\t\t\t<div class=\"elementor-widget-container\">\n\t\t\t\t\t\t\t<p><span style=\"color: #000000;\">Agradecemos a todos los colaboradores de los contenidos que son parte de nuestras ediciones, as\u00ed como las sugerencias e ideas que permitan mantener la calidad de nuestra revista en futuros n\u00fameros a publicarse.<\/span><\/p>\t\t\t\t\t\t<\/div>\n\t\t\t\t<\/div>\n\t\t\t\t\t<\/div>\n\t\t<\/div>\n\t\t\t\t<div class=\"elementor-column elementor-col-50 elementor-top-column elementor-element elementor-element-15d3b9c\" data-id=\"15d3b9c\" data-element_type=\"column\">\n\t\t\t<div class=\"elementor-widget-wrap elementor-element-populated\">\n\t\t\t\t\t\t\t\t<div class=\"elementor-element elementor-element-9e31955 elementor-widget elementor-widget-heading\" data-id=\"9e31955\" data-element_type=\"widget\" data-widget_type=\"heading.default\">\n\t\t\t\t<div class=\"elementor-widget-container\">\n\t\t\t<style>\/*! elementor - v3.7.2 - 21-08-2022 *\/\n.elementor-heading-title{padding:0;margin:0;line-height:1}.elementor-widget-heading .elementor-heading-title[class*=elementor-size-]>a{color:inherit;font-size:inherit;line-height:inherit}.elementor-widget-heading .elementor-heading-title.elementor-size-small{font-size:15px}.elementor-widget-heading .elementor-heading-title.elementor-size-medium{font-size:19px}.elementor-widget-heading .elementor-heading-title.elementor-size-large{font-size:29px}.elementor-widget-heading .elementor-heading-title.elementor-size-xl{font-size:39px}.elementor-widget-heading .elementor-heading-title.elementor-size-xxl{font-size:59px}<\/style><h2 class=\"elementor-heading-title elementor-size-large\">Ediciones Digitales<\/h2>\t\t<\/div>\n\t\t\t\t<\/div>\n\t\t\t\t<section class=\"elementor-section elementor-inner-section elementor-element elementor-element-545f4de elementor-section-boxed elementor-section-height-default elementor-section-height-default\" data-id=\"545f4de\" data-element_type=\"section\">\n\t\t\t\t\t\t<div class=\"elementor-container elementor-column-gap-default\">\n\t\t\t\t\t<div class=\"elementor-column elementor-col-50 elementor-inner-column elementor-element elementor-element-76b9f25\" data-id=\"76b9f25\" data-element_type=\"column\">\n\t\t\t<div class=\"elementor-widget-wrap elementor-element-populated\">\n\t\t\t\t\t\t\t\t<div class=\"elementor-element elementor-element-4e9174b elementor-widget elementor-widget-heading\" data-id=\"4e9174b\" data-element_type=\"widget\" data-widget_type=\"heading.default\">\n\t\t\t\t<div class=\"elementor-widget-container\">\n\t\t\t<h3 class=\"elementor-heading-title elementor-size-medium\">N\u00b09: Edici\u00f3n Noviembre - 2019<\/h3>\t\t<\/div>\n\t\t\t\t<\/div>\n\t\t\t\t<div class=\"elementor-element elementor-element-a9d482f elementor-widget elementor-widget-image\" data-id=\"a9d482f\" data-element_type=\"widget\" data-widget_type=\"image.default\">\n\t\t\t\t<div class=\"elementor-widget-container\">\n\t\t\t\t\t\t\t\t\t\t\t\t\t\t\t\t<a href=\"https:\/\/eschotel.edu.bo\/sitio\/2022\/11\/14\/revista-9\/\">\n\t\t\t\t\t\t\t<img decoding=\"async\" src=\"https:\/\/eschotel.edu.bo\/sitio\/wp-content\/uploads\/2022\/09\/portada1.jpg\" title=\"\" alt=\"\" \/>\t\t\t\t\t\t\t\t<\/a>\n\t\t\t\t\t\t\t\t\t\t\t\t\t\t\t<\/div>\n\t\t\t\t<\/div>\n\t\t\t\t<div class=\"elementor-element elementor-element-53e4886 elementor-widget elementor-widget-heading\" data-id=\"53e4886\" data-element_type=\"widget\" data-widget_type=\"heading.default\">\n\t\t\t\t<div class=\"elementor-widget-container\">\n\t\t\t<h2 class=\"elementor-heading-title elementor-size-medium\">N\u00b07: Edici\u00f3n Septiembre - 2018<\/h2>\t\t<\/div>\n\t\t\t\t<\/div>\n\t\t\t\t<div class=\"elementor-element elementor-element-5ef27fd elementor-widget elementor-widget-image\" data-id=\"5ef27fd\" data-element_type=\"widget\" data-widget_type=\"image.default\">\n\t\t\t\t<div class=\"elementor-widget-container\">\n\t\t\t\t\t\t\t\t\t\t\t\t\t\t\t\t<a href=\"https:\/\/eschotel.edu.bo\/sitio\/2022\/11\/15\/revista-7\/\">\n\t\t\t\t\t\t\t<img decoding=\"async\" src=\"https:\/\/eschotel.edu.bo\/sitio\/wp-content\/uploads\/2022\/09\/portada-1.jpg\" title=\"\" alt=\"\" \/>\t\t\t\t\t\t\t\t<\/a>\n\t\t\t\t\t\t\t\t\t\t\t\t\t\t\t<\/div>\n\t\t\t\t<\/div>\n\t\t\t\t<div class=\"elementor-element elementor-element-978b8fa elementor-widget elementor-widget-heading\" data-id=\"978b8fa\" data-element_type=\"widget\" data-widget_type=\"heading.default\">\n\t\t\t\t<div class=\"elementor-widget-container\">\n\t\t\t<h2 class=\"elementor-heading-title elementor-size-medium\">N\u00b05: Edici\u00f3n Abril - 2016<\/h2>\t\t<\/div>\n\t\t\t\t<\/div>\n\t\t\t\t<div class=\"elementor-element elementor-element-36e7f92 elementor-widget elementor-widget-image\" data-id=\"36e7f92\" data-element_type=\"widget\" data-widget_type=\"image.default\">\n\t\t\t\t<div class=\"elementor-widget-container\">\n\t\t\t\t\t\t\t\t\t\t\t\t\t\t\t\t<a href=\"https:\/\/eschotel.edu.bo\/sitio\/2022\/11\/15\/revista-5\/\">\n\t\t\t\t\t\t\t<img decoding=\"async\" src=\"https:\/\/eschotel.edu.bo\/sitio\/wp-content\/uploads\/2022\/09\/portada-3.jpg\" title=\"\" alt=\"\" \/>\t\t\t\t\t\t\t\t<\/a>\n\t\t\t\t\t\t\t\t\t\t\t\t\t\t\t<\/div>\n\t\t\t\t<\/div>\n\t\t\t\t<div class=\"elementor-element elementor-element-5337ab0 elementor-widget elementor-widget-heading\" data-id=\"5337ab0\" data-element_type=\"widget\" data-widget_type=\"heading.default\">\n\t\t\t\t<div class=\"elementor-widget-container\">\n\t\t\t<h2 class=\"elementor-heading-title elementor-size-medium\">N\u00b03: Edici\u00f3n Agosto - 2013<\/h2>\t\t<\/div>\n\t\t\t\t<\/div>\n\t\t\t\t<div class=\"elementor-element elementor-element-0107a7b elementor-widget elementor-widget-image\" data-id=\"0107a7b\" data-element_type=\"widget\" data-widget_type=\"image.default\">\n\t\t\t\t<div class=\"elementor-widget-container\">\n\t\t\t\t\t\t\t\t\t\t\t\t\t\t\t\t<a href=\"https:\/\/eschotel.edu.bo\/sitio\/2022\/11\/15\/n3-edicion-agosto-2013\/\">\n\t\t\t\t\t\t\t<img decoding=\"async\" src=\"https:\/\/eschotel.edu.bo\/sitio\/wp-content\/uploads\/2022\/09\/portada-5.jpg\" title=\"\" alt=\"\" \/>\t\t\t\t\t\t\t\t<\/a>\n\t\t\t\t\t\t\t\t\t\t\t\t\t\t\t<\/div>\n\t\t\t\t<\/div>\n\t\t\t\t<div class=\"elementor-element elementor-element-e124db9 elementor-widget elementor-widget-heading\" data-id=\"e124db9\" data-element_type=\"widget\" data-widget_type=\"heading.default\">\n\t\t\t\t<div class=\"elementor-widget-container\">\n\t\t\t<h2 class=\"elementor-heading-title elementor-size-medium\">N\u00b01: Edici\u00f3n Junio - 2013<\/h2>\t\t<\/div>\n\t\t\t\t<\/div>\n\t\t\t\t<div class=\"elementor-element elementor-element-f6a2ecc elementor-widget elementor-widget-image\" data-id=\"f6a2ecc\" data-element_type=\"widget\" data-widget_type=\"image.default\">\n\t\t\t\t<div class=\"elementor-widget-container\">\n\t\t\t\t\t\t\t\t\t\t\t\t\t\t\t\t<a href=\"https:\/\/eschotel.edu.bo\/sitio\/2022\/11\/15\/n1-edicion-junio-2013\/\">\n\t\t\t\t\t\t\t<img decoding=\"async\" src=\"https:\/\/eschotel.edu.bo\/sitio\/wp-content\/uploads\/2022\/09\/portada-7.jpg\" title=\"\" alt=\"\" \/>\t\t\t\t\t\t\t\t<\/a>\n\t\t\t\t\t\t\t\t\t\t\t\t\t\t\t<\/div>\n\t\t\t\t<\/div>\n\t\t\t\t\t<\/div>\n\t\t<\/div>\n\t\t\t\t<div class=\"elementor-column elementor-col-50 elementor-inner-column elementor-element elementor-element-c0de9ca\" data-id=\"c0de9ca\" data-element_type=\"column\">\n\t\t\t<div class=\"elementor-widget-wrap elementor-element-populated\">\n\t\t\t\t\t\t\t\t<div class=\"elementor-element elementor-element-88b5eb9 elementor-widget elementor-widget-heading\" data-id=\"88b5eb9\" data-element_type=\"widget\" data-widget_type=\"heading.default\">\n\t\t\t\t<div class=\"elementor-widget-container\">\n\t\t\t<h2 class=\"elementor-heading-title elementor-size-medium\">N\u00b08: Edici\u00f3n Mayo - 2019<\/h2>\t\t<\/div>\n\t\t\t\t<\/div>\n\t\t\t\t<div class=\"elementor-element elementor-element-a610f8b elementor-widget elementor-widget-image\" data-id=\"a610f8b\" data-element_type=\"widget\" data-widget_type=\"image.default\">\n\t\t\t\t<div class=\"elementor-widget-container\">\n\t\t\t\t\t\t\t\t\t\t\t\t\t\t\t\t<a href=\"https:\/\/eschotel.edu.bo\/sitio\/2022\/11\/15\/revista-8\/\">\n\t\t\t\t\t\t\t<img decoding=\"async\" src=\"https:\/\/eschotel.edu.bo\/sitio\/wp-content\/uploads\/2022\/09\/portada.jpg\" title=\"\" alt=\"\" \/>\t\t\t\t\t\t\t\t<\/a>\n\t\t\t\t\t\t\t\t\t\t\t\t\t\t\t<\/div>\n\t\t\t\t<\/div>\n\t\t\t\t<div class=\"elementor-element elementor-element-320ebcf elementor-widget elementor-widget-heading\" data-id=\"320ebcf\" data-element_type=\"widget\" data-widget_type=\"heading.default\">\n\t\t\t\t<div class=\"elementor-widget-container\">\n\t\t\t<h2 class=\"elementor-heading-title elementor-size-medium\">N\u00b06: Edici\u00f3n Abril - 2018<\/h2>\t\t<\/div>\n\t\t\t\t<\/div>\n\t\t\t\t<div class=\"elementor-element elementor-element-9d6257b elementor-widget elementor-widget-image\" data-id=\"9d6257b\" data-element_type=\"widget\" data-widget_type=\"image.default\">\n\t\t\t\t<div class=\"elementor-widget-container\">\n\t\t\t\t\t\t\t\t\t\t\t\t\t\t\t\t<a href=\"https:\/\/eschotel.edu.bo\/sitio\/2022\/11\/15\/revista-6\/\">\n\t\t\t\t\t\t\t<img decoding=\"async\" src=\"https:\/\/eschotel.edu.bo\/sitio\/wp-content\/uploads\/2022\/09\/portada-2.jpg\" title=\"\" alt=\"\" \/>\t\t\t\t\t\t\t\t<\/a>\n\t\t\t\t\t\t\t\t\t\t\t\t\t\t\t<\/div>\n\t\t\t\t<\/div>\n\t\t\t\t<div class=\"elementor-element elementor-element-7a3926d elementor-widget elementor-widget-heading\" data-id=\"7a3926d\" data-element_type=\"widget\" data-widget_type=\"heading.default\">\n\t\t\t\t<div class=\"elementor-widget-container\">\n\t\t\t<h2 class=\"elementor-heading-title elementor-size-medium\">N\u00b04: Edici\u00f3n Agosto - 2014<\/h2>\t\t<\/div>\n\t\t\t\t<\/div>\n\t\t\t\t<div class=\"elementor-element elementor-element-33084c7 elementor-widget elementor-widget-image\" data-id=\"33084c7\" data-element_type=\"widget\" data-widget_type=\"image.default\">\n\t\t\t\t<div class=\"elementor-widget-container\">\n\t\t\t\t\t\t\t\t\t\t\t\t\t\t\t\t<a href=\"https:\/\/eschotel.edu.bo\/sitio\/2022\/11\/15\/n4-edicion-agosto-2014\/\">\n\t\t\t\t\t\t\t<img decoding=\"async\" src=\"https:\/\/eschotel.edu.bo\/sitio\/wp-content\/uploads\/2022\/09\/portada-4.jpg\" title=\"\" alt=\"\" \/>\t\t\t\t\t\t\t\t<\/a>\n\t\t\t\t\t\t\t\t\t\t\t\t\t\t\t<\/div>\n\t\t\t\t<\/div>\n\t\t\t\t<div class=\"elementor-element elementor-element-3504fd0 elementor-widget elementor-widget-heading\" data-id=\"3504fd0\" data-element_type=\"widget\" data-widget_type=\"heading.default\">\n\t\t\t\t<div class=\"elementor-widget-container\">\n\t\t\t<h2 class=\"elementor-heading-title elementor-size-medium\">N\u00b02: Edici\u00f3n Julio - 2013<\/h2>\t\t<\/div>\n\t\t\t\t<\/div>\n\t\t\t\t<div class=\"elementor-element elementor-element-72f58ed elementor-widget elementor-widget-image\" data-id=\"72f58ed\" data-element_type=\"widget\" data-widget_type=\"image.default\">\n\t\t\t\t<div class=\"elementor-widget-container\">\n\t\t\t\t\t\t\t\t\t\t\t\t\t\t\t\t<a href=\"https:\/\/eschotel.edu.bo\/sitio\/2022\/11\/15\/n2-edicion-julio-2013\/\">\n\t\t\t\t\t\t\t<img decoding=\"async\" src=\"https:\/\/eschotel.edu.bo\/sitio\/wp-content\/uploads\/2022\/09\/portada-6.jpg\" title=\"\" alt=\"\" \/>\t\t\t\t\t\t\t\t<\/a>\n\t\t\t\t\t\t\t\t\t\t\t\t\t\t\t<\/div>\n\t\t\t\t<\/div>\n\t\t\t\t\t<\/div>\n\t\t<\/div>\n\t\t\t\t\t\t\t<\/div>\n\t\t<\/section>\n\t\t\t\t\t<\/div>\n\t\t<\/div>\n\t\t\t\t\t\t\t<\/div>\n\t\t<\/section>\n\t\t\t\t\t\t\t<\/div>\n\t\t","protected":false},"excerpt":{"rendered":"<p>La Revista Hoteles, Turismo y Restaurantes, presenta un material que abarca actividades de nuestras gestiones, que por su importancia en el campo de la formaci\u00f3n y la difusi\u00f3n de las tem\u00e1ticas propias de la Primera Escuela de Hoteler\u00eda y Turismo de Bolivia, son del necesario inter\u00e9s de nuestros lectores. Agradecemos a todos los colaboradores de [&hellip;]<\/p>\n","protected":false},"author":2,"featured_media":0,"parent":0,"menu_order":0,"comment_status":"closed","ping_status":"closed","template":"","meta":{"om_disable_all_campaigns":false,"_monsterinsights_skip_tracking":false,"_monsterinsights_sitenote_active":false,"_monsterinsights_sitenote_note":"","_monsterinsights_sitenote_category":0,"footnotes":""},"class_list":["post-472","page","type-page","status-publish","hentry"],"aioseo_notices":[],"_links":{"self":[{"href":"https:\/\/eschotel.edu.bo\/sitio\/wp-json\/wp\/v2\/pages\/472","targetHints":{"allow":["GET"]}}],"collection":[{"href":"https:\/\/eschotel.edu.bo\/sitio\/wp-json\/wp\/v2\/pages"}],"about":[{"href":"https:\/\/eschotel.edu.bo\/sitio\/wp-json\/wp\/v2\/types\/page"}],"author":[{"embeddable":true,"href":"https:\/\/eschotel.edu.bo\/sitio\/wp-json\/wp\/v2\/users\/2"}],"replies":[{"embeddable":true,"href":"https:\/\/eschotel.edu.bo\/sitio\/wp-json\/wp\/v2\/comments?post=472"}],"version-history":[{"count":27,"href":"https:\/\/eschotel.edu.bo\/sitio\/wp-json\/wp\/v2\/pages\/472\/revisions"}],"predecessor-version":[{"id":1486,"href":"https:\/\/eschotel.edu.bo\/sitio\/wp-json\/wp\/v2\/pages\/472\/revisions\/1486"}],"wp:attachment":[{"href":"https:\/\/eschotel.edu.bo\/sitio\/wp-json\/wp\/v2\/media?parent=472"}],"curies":[{"name":"wp","href":"https:\/\/api.w.org\/{rel}","templated":true}]}}