{"id":118,"date":"2022-09-01T02:25:58","date_gmt":"2022-09-01T02:25:58","guid":{"rendered":"http:\/\/localhost\/?page_id=118"},"modified":"2022-09-01T02:25:58","modified_gmt":"2022-09-01T02:25:58","slug":"reconocimientos-obtenidos","status":"publish","type":"page","link":"https:\/\/eschotel.edu.bo\/sitio\/reconocimientos-obtenidos\/","title":{"rendered":"Reconocimientos Obtenidos"},"content":{"rendered":"\t\t<div data-elementor-type=\"wp-page\" data-elementor-id=\"118\" class=\"elementor elementor-118\">\n\t\t\t\t\t\t\t\t\t<section class=\"elementor-section elementor-top-section elementor-element elementor-element-00b4f6b elementor-section-boxed elementor-section-height-default elementor-section-height-default\" data-id=\"00b4f6b\" data-element_type=\"section\">\n\t\t\t\t\t\t<div class=\"elementor-container elementor-column-gap-default\">\n\t\t\t\t\t<div class=\"elementor-column elementor-col-33 elementor-top-column elementor-element elementor-element-5ca1873\" data-id=\"5ca1873\" data-element_type=\"column\">\n\t\t\t<div class=\"elementor-widget-wrap elementor-element-populated\">\n\t\t\t\t\t\t\t\t<div class=\"elementor-element elementor-element-3298967 elementor-widget__width-inherit elementor-widget elementor-widget-spacer\" data-id=\"3298967\" data-element_type=\"widget\" data-widget_type=\"spacer.default\">\n\t\t\t\t<div class=\"elementor-widget-container\">\n\t\t\t<style>\/*! elementor - v3.7.2 - 21-08-2022 *\/\n.elementor-column .elementor-spacer-inner{height:var(--spacer-size)}.e-container{--container-widget-width:100%}.e-container>.elementor-widget-spacer{width:var(--container-widget-width,var(--spacer-size));-ms-flex-item-align:stretch;align-self:stretch;-ms-flex-negative:0;flex-shrink:0}.e-container>.elementor-widget-spacer>.elementor-widget-container,.e-container>.elementor-widget-spacer>.elementor-widget-container>.elementor-spacer{height:100%}.e-container>.elementor-widget-spacer>.elementor-widget-container>.elementor-spacer>.elementor-spacer-inner{height:var(--container-widget-height,var(--spacer-size))}<\/style>\t\t<div class=\"elementor-spacer\">\n\t\t\t<div class=\"elementor-spacer-inner\"><\/div>\n\t\t<\/div>\n\t\t\t\t<\/div>\n\t\t\t\t<\/div>\n\t\t\t\t<div class=\"elementor-element elementor-element-99d7ec3 elementor-widget elementor-widget-image\" data-id=\"99d7ec3\" data-element_type=\"widget\" data-widget_type=\"image.default\">\n\t\t\t\t<div class=\"elementor-widget-container\">\n\t\t\t<style>\/*! elementor - v3.7.2 - 21-08-2022 *\/\n.elementor-widget-image{text-align:center}.elementor-widget-image a{display:inline-block}.elementor-widget-image a img[src$=\".svg\"]{width:48px}.elementor-widget-image img{vertical-align:middle;display:inline-block}<\/style>\t\t\t\t\t\t\t\t\t\t\t\t<img decoding=\"async\" src=\"https:\/\/eschotel.edu.bo\/sitio\/wp-content\/uploads\/2022\/09\/tea.jpg\" title=\"\" alt=\"\" \/>\t\t\t\t\t\t\t\t\t\t\t\t\t\t\t<\/div>\n\t\t\t\t<\/div>\n\t\t\t\t<div class=\"elementor-element elementor-element-5656b62 elementor-widget elementor-widget-heading\" data-id=\"5656b62\" data-element_type=\"widget\" data-widget_type=\"heading.default\">\n\t\t\t\t<div class=\"elementor-widget-container\">\n\t\t\t<style>\/*! elementor - v3.7.2 - 21-08-2022 *\/\n.elementor-heading-title{padding:0;margin:0;line-height:1}.elementor-widget-heading .elementor-heading-title[class*=elementor-size-]>a{color:inherit;font-size:inherit;line-height:inherit}.elementor-widget-heading .elementor-heading-title.elementor-size-small{font-size:15px}.elementor-widget-heading .elementor-heading-title.elementor-size-medium{font-size:19px}.elementor-widget-heading .elementor-heading-title.elementor-size-large{font-size:29px}.elementor-widget-heading .elementor-heading-title.elementor-size-xl{font-size:39px}.elementor-widget-heading .elementor-heading-title.elementor-size-xxl{font-size:59px}<\/style><h2 class=\"elementor-heading-title elementor-size-medium\">Reconocimiento Municipal<\/h2>\t\t<\/div>\n\t\t\t\t<\/div>\n\t\t\t\t<div class=\"elementor-element elementor-element-0dba70c elementor-widget elementor-widget-text-editor\" data-id=\"0dba70c\" data-element_type=\"widget\" data-widget_type=\"text-editor.default\">\n\t\t\t\t<div class=\"elementor-widget-container\">\n\t\t\t<style>\/*! elementor - v3.7.2 - 21-08-2022 *\/\n.elementor-widget-text-editor.elementor-drop-cap-view-stacked .elementor-drop-cap{background-color:#818a91;color:#fff}.elementor-widget-text-editor.elementor-drop-cap-view-framed .elementor-drop-cap{color:#818a91;border:3px solid;background-color:transparent}.elementor-widget-text-editor:not(.elementor-drop-cap-view-default) .elementor-drop-cap{margin-top:8px}.elementor-widget-text-editor:not(.elementor-drop-cap-view-default) .elementor-drop-cap-letter{width:1em;height:1em}.elementor-widget-text-editor .elementor-drop-cap{float:left;text-align:center;line-height:1;font-size:50px}.elementor-widget-text-editor .elementor-drop-cap-letter{display:inline-block}<\/style>\t\t\t\t<p>Este importante acto anual de premiaci\u00f3n a personalidades e instituciones del arte, las ciencias, la gesti\u00f3n cultural, denominado La Gala Cultural de Octubre, se efectu\u00f3 el mi\u00e9rcoles 21 de octubre de 2015 en el Teatro Municipal \u201cAlberto Saavedra P\u00e9rez\u201d, organizado por la Secretar\u00eda Municipal de Culturas del Gobierno Aut\u00f3nomo Municipal de La Paz.<\/p><p>Entre los galardonados estuvo la Primera Escuela de Hoteler\u00eda y Turismo de Bolivia en reconocimiento a su valioso aporte de cuatro d\u00e9cadas en la formaci\u00f3n de recursos humanos que ponen en valor la identidad de nuestra gastronom\u00eda, recibiendo La Tea de La Libertad en el Grado al M\u00e9rito.<\/p>\t\t\t\t\t\t<\/div>\n\t\t\t\t<\/div>\n\t\t\t\t<div class=\"elementor-element elementor-element-fda967e elementor-widget elementor-widget-image\" data-id=\"fda967e\" data-element_type=\"widget\" data-widget_type=\"image.default\">\n\t\t\t\t<div class=\"elementor-widget-container\">\n\t\t\t\t\t\t\t\t\t\t\t\t\t\t\t<img decoding=\"async\" src=\"https:\/\/eschotel.edu.bo\/sitio\/wp-content\/uploads\/2022\/09\/tea_entrega.jpg\" title=\"\" alt=\"\" \/>\t\t\t\t\t\t\t\t\t\t\t\t\t\t\t<\/div>\n\t\t\t\t<\/div>\n\t\t\t\t\t<\/div>\n\t\t<\/div>\n\t\t\t\t<div class=\"elementor-column elementor-col-33 elementor-top-column elementor-element elementor-element-d697e1f\" data-id=\"d697e1f\" data-element_type=\"column\">\n\t\t\t<div class=\"elementor-widget-wrap elementor-element-populated\">\n\t\t\t\t\t\t\t\t<div class=\"elementor-element elementor-element-61c5293 elementor-widget elementor-widget-text-editor\" data-id=\"61c5293\" data-element_type=\"widget\" data-widget_type=\"text-editor.default\">\n\t\t\t\t<div class=\"elementor-widget-container\">\n\t\t\t\t\t\t\t<p>En la ceremonia, se fundament\u00f3 esta distinci\u00f3n de la siguiente manera: \u201cA lo largo de 39 a\u00f1os, esta instituci\u00f3n formadora en el rubro de la hoteler\u00eda y turismo, ha trabajado generando profesionales de alto nivel en esta actividad de creciente importancia en la vida econ\u00f3mica del pa\u00eds.<\/p><p>Es de ponderar su especial dedicaci\u00f3n en la formaci\u00f3n en la gastronom\u00eda, preservando su identidad y optimizando su calidad como factor competitivo, gracias a cert\u00e1menes y congresos organizados en el pa\u00eds, as\u00ed como en sus participaciones como invitada a reuniones internacionales.<\/p><p>Por estos m\u00e9ritos, la Primera Escuela de Hoteler\u00eda y Turismo de Bolivia, pionera en la formaci\u00f3n de profesionales en esta materia, recibe la Tea de la Libertad en el Grado al M\u00e9rito, en esta Gala Cultural 2015.\u201d<\/p><p>Entre los galardonados en ese especial acto, se destacan: la historiadora de arte arq. Teresa Gisbert de Mesa, la historiadora Mar\u00eda Luisa Soux Mu\u00f1oz Reyes, la investigadora cultural Julia Elena Fort\u00fan, el notable compositor y guitarrista Willy Claure, el actor Agust\u00edn \u201cCacho Mendieta\u201d, el escritor Wilmer Urrelo, la Directora de la Cinemateca Boliviana Mela M\u00e1rquez, Foto Gismondi, la gestora cultural Norma Campos as\u00ed como el gestor cultural y ex Oficial Mayor de Culturas y el Comit\u00e9 Departamental de Clubes del Libro.<\/p><p>Con esas premisas se fund\u00f3 La Primera Escuela de Hoteler\u00eda y Turismo de Bolivia el 20 de junio de 1976. Esos pasos pioneros fueron secundados por su actual director Guillermo Iraola Mendiz\u00e1bal, quien asumi\u00f3 el legado de su madre en los mejores t\u00e9rminos.<\/p><p>La excelencia en los diferentes carreras que brindamos, a partir de las actividades de planificaci\u00f3n, administraci\u00f3n y gerencia de empresas, han sido su principal objetivo.<\/p><p>Hoy en d\u00eda, nuestra instituci\u00f3n es l\u00edder en la formaci\u00f3n de estos nuevos profesionales, contribuyendo al desarrollo de nuestro pa\u00eds, participando con energ\u00eda en el desarrollo de la nueva cocina boliviana, as\u00ed como de la revalorizaci\u00f3n de nuestras ra\u00edces culinarias y rescate de insumos nativos que hab\u00edan sido relegados al olvido.<\/p><p>Con este reconocimiento, la EHT empieza a celebrar en grande la conmemoraci\u00f3n de su cuadrag\u00e9simo aniversario, consciente del trascendental papel que ha cumplido a lo largo de todo ese tiempo, dentro del proceso de consolidaci\u00f3n de la hoteler\u00eda, el turismo y la gastronom\u00eda en Bolivia, donde tiene y tendr\u00e1 un rol protag\u00f3nico.<\/p>\t\t\t\t\t\t<\/div>\n\t\t\t\t<\/div>\n\t\t\t\t\t<\/div>\n\t\t<\/div>\n\t\t\t\t<div class=\"elementor-column elementor-col-33 elementor-top-column elementor-element elementor-element-9c7a191\" data-id=\"9c7a191\" data-element_type=\"column\" data-settings=\"{&quot;background_background&quot;:&quot;classic&quot;}\">\n\t\t\t<div class=\"elementor-widget-wrap elementor-element-populated\">\n\t\t\t\t\t\t\t\t<div class=\"elementor-element elementor-element-61d1080 elementor-widget elementor-widget-heading\" data-id=\"61d1080\" data-element_type=\"widget\" data-widget_type=\"heading.default\">\n\t\t\t\t<div class=\"elementor-widget-container\">\n\t\t\t<h2 class=\"elementor-heading-title elementor-size-medium\">Nuestros reconocimientos<\/h2>\t\t<\/div>\n\t\t\t\t<\/div>\n\t\t\t\t<div class=\"elementor-element elementor-element-265a9b3 elementor-widget elementor-widget-image\" data-id=\"265a9b3\" data-element_type=\"widget\" data-widget_type=\"image.default\">\n\t\t\t\t<div class=\"elementor-widget-container\">\n\t\t\t\t\t\t\t\t\t\t\t\t\t\t\t<img decoding=\"async\" src=\"https:\/\/eschotel.edu.bo\/sitio\/wp-content\/uploads\/2022\/09\/premios_calidad_educativa.jpg\" title=\"\" alt=\"\" \/>\t\t\t\t\t\t\t\t\t\t\t\t\t\t\t<\/div>\n\t\t\t\t<\/div>\n\t\t\t\t<div class=\"elementor-element elementor-element-809d72a elementor-widget elementor-widget-text-editor\" data-id=\"809d72a\" data-element_type=\"widget\" data-widget_type=\"text-editor.default\">\n\t\t\t\t<div class=\"elementor-widget-container\">\n\t\t\t\t\t\t\t<div class=\"subtitulo200 negro sin_borde centrar\">&#8220;PREMIO A LA CALIDAD EDUCATIVA&#8221;<\/div><p>The Quality Awards 2012 Rio de Janeiro 26 TH May 2012<\/p>\t\t\t\t\t\t<\/div>\n\t\t\t\t<\/div>\n\t\t\t\t<div class=\"elementor-element elementor-element-5b14489 elementor-widget elementor-widget-image\" data-id=\"5b14489\" data-element_type=\"widget\" data-widget_type=\"image.default\">\n\t\t\t\t<div class=\"elementor-widget-container\">\n\t\t\t\t\t\t\t\t\t\t\t\t\t\t\t<img decoding=\"async\" src=\"https:\/\/eschotel.edu.bo\/sitio\/wp-content\/uploads\/2022\/09\/premios_empresa_boliviana_2012.jpg\" title=\"\" alt=\"\" \/>\t\t\t\t\t\t\t\t\t\t\t\t\t\t\t<\/div>\n\t\t\t\t<\/div>\n\t\t\t\t<div class=\"elementor-element elementor-element-6c1650d elementor-widget elementor-widget-text-editor\" data-id=\"6c1650d\" data-element_type=\"widget\" data-widget_type=\"text-editor.default\">\n\t\t\t\t<div class=\"elementor-widget-container\">\n\t\t\t\t\t\t\t<div class=\"subtitulo200 negro sin_borde centrar\">PREMIO Empresa Boliviana del A\u00f1o 2012<\/div><p>Latin American Quality Institute<\/p>\t\t\t\t\t\t<\/div>\n\t\t\t\t<\/div>\n\t\t\t\t<div class=\"elementor-element elementor-element-25a8db2 elementor-widget elementor-widget-image\" data-id=\"25a8db2\" data-element_type=\"widget\" data-widget_type=\"image.default\">\n\t\t\t\t<div class=\"elementor-widget-container\">\n\t\t\t\t\t\t\t\t\t\t\t\t\t\t\t<img decoding=\"async\" src=\"https:\/\/eschotel.edu.bo\/sitio\/wp-content\/uploads\/2022\/09\/premios_oficial.jpg\" title=\"\" alt=\"\" \/>\t\t\t\t\t\t\t\t\t\t\t\t\t\t\t<\/div>\n\t\t\t\t<\/div>\n\t\t\t\t<div class=\"elementor-element elementor-element-30e8f09 elementor-widget elementor-widget-text-editor\" data-id=\"30e8f09\" data-element_type=\"widget\" data-widget_type=\"text-editor.default\">\n\t\t\t\t<div class=\"elementor-widget-container\">\n\t\t\t\t\t\t\t<div class=\"subtitulo200 negro sin_borde centrar\">&#8220;GRAN ORDEN BOLIVIANA DE LA EDUCACI\u00d3N EN EL GRADO DE OFICIAL&#8221;<\/div><p>Otorgada por el Ministerio de Educaci\u00f3n y Cultura Resoluci\u00f3n Suprema 220874 del 9 de julio del 2001.<\/p>\t\t\t\t\t\t<\/div>\n\t\t\t\t<\/div>\n\t\t\t\t<div class=\"elementor-element elementor-element-35a15d2 elementor-widget elementor-widget-image\" data-id=\"35a15d2\" data-element_type=\"widget\" data-widget_type=\"image.default\">\n\t\t\t\t<div class=\"elementor-widget-container\">\n\t\t\t\t\t\t\t\t\t\t\t\t\t\t\t<img decoding=\"async\" src=\"https:\/\/eschotel.edu.bo\/sitio\/wp-content\/uploads\/2022\/09\/premios_festival_culinario.jpg\" title=\"\" alt=\"\" \/>\t\t\t\t\t\t\t\t\t\t\t\t\t\t\t<\/div>\n\t\t\t\t<\/div>\n\t\t\t\t<div class=\"elementor-element elementor-element-d26c992 elementor-widget elementor-widget-text-editor\" data-id=\"d26c992\" data-element_type=\"widget\" data-widget_type=\"text-editor.default\">\n\t\t\t\t<div class=\"elementor-widget-container\">\n\t\t\t\t\t\t\t<div class=\"subtitulo200 negro sin_borde centrar\">&#8220;PRIMER PREMIO EN COCINA TRADICIONAL&#8221;<\/div><p>Ganado en el &#8220;II FESTIVAL CULINARIO INTERNACIONAL \u2013 CULINARIA 2000&#8221; Varadero, Cuba, 21 al 27 de Marzo del 2000. Organizado por la Asociaci\u00f3n Culinaria de Cuba.<\/p>\t\t\t\t\t\t<\/div>\n\t\t\t\t<\/div>\n\t\t\t\t<div class=\"elementor-element elementor-element-87885b9 elementor-widget elementor-widget-image\" data-id=\"87885b9\" data-element_type=\"widget\" data-widget_type=\"image.default\">\n\t\t\t\t<div class=\"elementor-widget-container\">\n\t\t\t\t\t\t\t\t\t\t\t\t\t\t\t<img decoding=\"async\" src=\"https:\/\/eschotel.edu.bo\/sitio\/wp-content\/uploads\/2022\/09\/premios_excelencia_gastronomica.jpg\" title=\"\" alt=\"\" \/>\t\t\t\t\t\t\t\t\t\t\t\t\t\t\t<\/div>\n\t\t\t\t<\/div>\n\t\t\t\t<div class=\"elementor-element elementor-element-20c668e elementor-widget elementor-widget-text-editor\" data-id=\"20c668e\" data-element_type=\"widget\" data-widget_type=\"text-editor.default\">\n\t\t\t\t<div class=\"elementor-widget-container\">\n\t\t\t\t\t\t\t<div class=\"subtitulo200 negro sin_borde centrar\">&#8220;TROFEO A LA EXCELENCIA GASTRONOMICA&#8221;<\/div><p>Ganadores del \u2013 EXPOGOURMET \u2013 99. Santa Cruz \u2013 Bolivia. 12 de Noviembre de 1999.<\/p>\t\t\t\t\t\t<\/div>\n\t\t\t\t<\/div>\n\t\t\t\t\t<\/div>\n\t\t<\/div>\n\t\t\t\t\t\t\t<\/div>\n\t\t<\/section>\n\t\t\t\t\t\t\t<\/div>\n\t\t","protected":false},"excerpt":{"rendered":"<p>Reconocimiento Municipal Este importante acto anual de premiaci\u00f3n a personalidades e instituciones del arte, las ciencias, la gesti\u00f3n cultural, denominado La Gala Cultural de Octubre, se efectu\u00f3 el mi\u00e9rcoles 21 de octubre de 2015 en el Teatro Municipal \u201cAlberto Saavedra P\u00e9rez\u201d, organizado por la Secretar\u00eda Municipal de Culturas del Gobierno Aut\u00f3nomo Municipal de La Paz. [&hellip;]<\/p>\n","protected":false},"author":2,"featured_media":0,"parent":0,"menu_order":0,"comment_status":"closed","ping_status":"closed","template":"","meta":{"om_disable_all_campaigns":false,"_monsterinsights_skip_tracking":false,"_monsterinsights_sitenote_active":false,"_monsterinsights_sitenote_note":"","_monsterinsights_sitenote_category":0,"footnotes":""},"class_list":["post-118","page","type-page","status-publish","hentry"],"aioseo_notices":[],"_links":{"self":[{"href":"https:\/\/eschotel.edu.bo\/sitio\/wp-json\/wp\/v2\/pages\/118","targetHints":{"allow":["GET"]}}],"collection":[{"href":"https:\/\/eschotel.edu.bo\/sitio\/wp-json\/wp\/v2\/pages"}],"about":[{"href":"https:\/\/eschotel.edu.bo\/sitio\/wp-json\/wp\/v2\/types\/page"}],"author":[{"embeddable":true,"href":"https:\/\/eschotel.edu.bo\/sitio\/wp-json\/wp\/v2\/users\/2"}],"replies":[{"embeddable":true,"href":"https:\/\/eschotel.edu.bo\/sitio\/wp-json\/wp\/v2\/comments?post=118"}],"version-history":[{"count":0,"href":"https:\/\/eschotel.edu.bo\/sitio\/wp-json\/wp\/v2\/pages\/118\/revisions"}],"wp:attachment":[{"href":"https:\/\/eschotel.edu.bo\/sitio\/wp-json\/wp\/v2\/media?parent=118"}],"curies":[{"name":"wp","href":"https:\/\/api.w.org\/{rel}","templated":true}]}}